{"id":398,"date":"2023-07-20T07:06:42","date_gmt":"2023-07-20T07:06:42","guid":{"rendered":"https:\/\/kommits.adue.se\/?page_id=398"},"modified":"2023-08-08T10:40:32","modified_gmt":"2023-08-08T10:40:32","slug":"arkiv","status":"publish","type":"page","link":"https:\/\/kommits.se\/?page_id=398","title":{"rendered":"Arkiv"},"content":{"rendered":"\n<p>H\u00e4r finns framf\u00f6rallt tidigare publicerade tidningar men ocks\u00e5 en del annat sp\u00e4nnande fr\u00e5n f\u00f6rr.<\/p>\n\n\n\n<p><a href=\"https:\/\/kommits.se\/?cat=6\">De senaste numren fr\u00e5n 2018-2021 finns att l\u00e4sa h\u00e4r<\/a><\/p>\n\n\n\n<p><\/p>\n\n\n\n<div class=\"wp-block-columns is-layout-flex wp-container-core-columns-is-layout-28f84493 wp-block-columns-is-layout-flex\">\n<div class=\"wp-block-column is-layout-flow wp-block-column-is-layout-flow\" style=\"flex-basis:100%\">\n<div data-wp-interactive=\"core\/file\" class=\"wp-block-file\"><object data-wp-bind--hidden=\"!state.hasPdfPreview\" hidden class=\"wp-block-file__embed\" data=\"https:\/\/kommits.se\/wp-content\/uploads\/2023\/07\/Nr-2-2017.pdf\" type=\"application\/pdf\" style=\"width:100%;height:600px\" aria-label=\"Inb\u00e4ddning av Nr 2 2017.\"><\/object><a id=\"wp-block-file--media-d9faa08a-32ff-414e-b7d1-399a6c280417\" href=\"https:\/\/kommits.se\/wp-content\/uploads\/2023\/07\/Nr-2-2017.pdf\">Nr 2 2017<\/a><a href=\"https:\/\/kommits.se\/wp-content\/uploads\/2023\/07\/Nr-2-2017.pdf\" class=\"wp-block-file__button wp-element-button\" download aria-describedby=\"wp-block-file--media-d9faa08a-32ff-414e-b7d1-399a6c280417\">Ladda ner<\/a><\/div>\n<\/div>\n<\/div>\n\n\n\n<div class=\"wp-block-columns is-layout-flex wp-container-core-columns-is-layout-28f84493 wp-block-columns-is-layout-flex\">\n<div class=\"wp-block-column is-layout-flow wp-block-column-is-layout-flow\" style=\"flex-basis:100%\">\n<div class=\"wp-block-columns is-layout-flex wp-container-core-columns-is-layout-28f84493 wp-block-columns-is-layout-flex\">\n<div class=\"wp-block-column is-layout-flow wp-block-column-is-layout-flow\" style=\"flex-basis:100%\">\n<div data-wp-interactive=\"core\/file\" class=\"wp-block-file\"><object data-wp-bind--hidden=\"!state.hasPdfPreview\" hidden class=\"wp-block-file__embed\" data=\"https:\/\/kommits.se\/wp-content\/uploads\/2023\/07\/Nr-1-2017.pdf\" type=\"application\/pdf\" style=\"width:100%;height:600px\" aria-label=\"Inb\u00e4ddning av Nr 1 2017.\"><\/object><a id=\"wp-block-file--media-7fc638f6-43e1-49b7-aff5-a3e1911d16c2\" href=\"https:\/\/kommits.se\/wp-content\/uploads\/2023\/07\/Nr-1-2017.pdf\">Nr 1 2017<\/a><a href=\"https:\/\/kommits.se\/wp-content\/uploads\/2023\/07\/Nr-1-2017.pdf\" class=\"wp-block-file__button wp-element-button\" download aria-describedby=\"wp-block-file--media-7fc638f6-43e1-49b7-aff5-a3e1911d16c2\">Ladda ner<\/a><\/div>\n<\/div>\n<\/div>\n<\/div>\n<\/div>\n\n\n\n<div class=\"wp-block-columns is-layout-flex wp-container-core-columns-is-layout-28f84493 wp-block-columns-is-layout-flex\">\n<div class=\"wp-block-column is-layout-flow wp-block-column-is-layout-flow\" style=\"flex-basis:100%\">\n<div data-wp-interactive=\"core\/file\" class=\"wp-block-file\"><object data-wp-bind--hidden=\"!state.hasPdfPreview\" hidden class=\"wp-block-file__embed\" data=\"https:\/\/kommits.se\/wp-content\/uploads\/2023\/07\/Nr-3-2016.pdf\" type=\"application\/pdf\" style=\"width:100%;height:600px\" aria-label=\"Inb\u00e4ddning av Nr 3 2016.\"><\/object><a id=\"wp-block-file--media-756ee68a-f756-495f-a721-a037b6b04370\" href=\"https:\/\/kommits.se\/wp-content\/uploads\/2023\/07\/Nr-3-2016.pdf\">Nr 3 2016<\/a><a href=\"https:\/\/kommits.se\/wp-content\/uploads\/2023\/07\/Nr-3-2016.pdf\" class=\"wp-block-file__button wp-element-button\" download aria-describedby=\"wp-block-file--media-756ee68a-f756-495f-a721-a037b6b04370\">Ladda ner<\/a><\/div>\n<\/div>\n<\/div>\n\n\n\n<div class=\"wp-block-columns is-layout-flex wp-container-core-columns-is-layout-28f84493 wp-block-columns-is-layout-flex\">\n<div class=\"wp-block-column is-layout-flow wp-block-column-is-layout-flow\" style=\"flex-basis:100%\">\n<div class=\"wp-block-columns is-layout-flex wp-container-core-columns-is-layout-28f84493 wp-block-columns-is-layout-flex\">\n<div class=\"wp-block-column is-layout-flow wp-block-column-is-layout-flow\" style=\"flex-basis:100%\">\n<div data-wp-interactive=\"core\/file\" class=\"wp-block-file\"><object data-wp-bind--hidden=\"!state.hasPdfPreview\" hidden class=\"wp-block-file__embed\" data=\"https:\/\/kommits.se\/wp-content\/uploads\/2023\/07\/Nr-2-2016.pdf\" type=\"application\/pdf\" style=\"width:100%;height:600px\" aria-label=\"Inb\u00e4ddning av Nr 2 2016.\"><\/object><a id=\"wp-block-file--media-c50995aa-bece-43be-bbbf-3f78be0f8fb8\" href=\"https:\/\/kommits.se\/wp-content\/uploads\/2023\/07\/Nr-2-2016.pdf\">Nr 2 2016<\/a><a href=\"https:\/\/kommits.se\/wp-content\/uploads\/2023\/07\/Nr-2-2016.pdf\" class=\"wp-block-file__button wp-element-button\" download aria-describedby=\"wp-block-file--media-c50995aa-bece-43be-bbbf-3f78be0f8fb8\">Ladda ner<\/a><\/div>\n<\/div>\n<\/div>\n<\/div>\n<\/div>\n\n\n\n<div class=\"wp-block-columns is-layout-flex wp-container-core-columns-is-layout-28f84493 wp-block-columns-is-layout-flex\">\n<div class=\"wp-block-column is-layout-flow wp-block-column-is-layout-flow\" style=\"flex-basis:100%\">\n<div data-wp-interactive=\"core\/file\" class=\"wp-block-file\"><object data-wp-bind--hidden=\"!state.hasPdfPreview\" hidden class=\"wp-block-file__embed\" data=\"https:\/\/kommits.se\/wp-content\/uploads\/2023\/07\/Nr-1-2016.pdf\" type=\"application\/pdf\" style=\"width:100%;height:600px\" aria-label=\"Inb\u00e4ddning av Nr 1 2016.\"><\/object><a id=\"wp-block-file--media-fdda8588-1d63-480d-907d-97bc25804563\" href=\"https:\/\/kommits.se\/wp-content\/uploads\/2023\/07\/Nr-1-2016.pdf\">Nr 1 2016<\/a><a href=\"https:\/\/kommits.se\/wp-content\/uploads\/2023\/07\/Nr-1-2016.pdf\" class=\"wp-block-file__button wp-element-button\" download aria-describedby=\"wp-block-file--media-fdda8588-1d63-480d-907d-97bc25804563\">Ladda ner<\/a><\/div>\n<\/div>\n<\/div>\n","protected":false},"excerpt":{"rendered":"<p>H\u00e4r finns framf\u00f6rallt tidigare publicerade tidningar men ocks\u00e5 en del annat sp\u00e4nnande fr\u00e5n f\u00f6rr. De senaste numren fr\u00e5n 2018-2021 finns att l\u00e4sa h\u00e4r<\/p>\n","protected":false},"author":3,"featured_media":0,"parent":0,"menu_order":0,"comment_status":"closed","ping_status":"closed","template":"","meta":{"footnotes":""},"class_list":["post-398","page","type-page","status-publish","hentry"],"_links":{"self":[{"href":"https:\/\/kommits.se\/index.php?rest_route=\/wp\/v2\/pages\/398","targetHints":{"allow":["GET"]}}],"collection":[{"href":"https:\/\/kommits.se\/index.php?rest_route=\/wp\/v2\/pages"}],"about":[{"href":"https:\/\/kommits.se\/index.php?rest_route=\/wp\/v2\/types\/page"}],"author":[{"embeddable":true,"href":"https:\/\/kommits.se\/index.php?rest_route=\/wp\/v2\/users\/3"}],"replies":[{"embeddable":true,"href":"https:\/\/kommits.se\/index.php?rest_route=%2Fwp%2Fv2%2Fcomments&post=398"}],"version-history":[{"count":6,"href":"https:\/\/kommits.se\/index.php?rest_route=\/wp\/v2\/pages\/398\/revisions"}],"predecessor-version":[{"id":495,"href":"https:\/\/kommits.se\/index.php?rest_route=\/wp\/v2\/pages\/398\/revisions\/495"}],"wp:attachment":[{"href":"https:\/\/kommits.se\/index.php?rest_route=%2Fwp%2Fv2%2Fmedia&parent=398"}],"curies":[{"name":"wp","href":"https:\/\/api.w.org\/{rel}","templated":true}]}}