{"id":342,"date":"2023-07-12T13:43:02","date_gmt":"2023-07-12T13:43:02","guid":{"rendered":"https:\/\/kommits.adue.se\/?page_id=342"},"modified":"2023-08-08T10:18:32","modified_gmt":"2023-08-08T10:18:32","slug":"vanner-i-varlden","status":"publish","type":"page","link":"https:\/\/kommits.se\/?page_id=342","title":{"rendered":"V\u00e4nner i v\u00e4rlden"},"content":{"rendered":"\n<p>Kommits har ett antal v\u00e4nf\u00f6reningar d\u00e4r det sker ett utbyte av kunskap och erfarenheter. De kontakterna \u00e4r ocks\u00e5 en viktig del av omv\u00e4rldsanalysen. Samarbetet \u00e4r organiserat genom LOLA-ICT, som \u00e4r en liten paraplyorganisation som f\u00e5ngar upp de gemensamma fr\u00e5gorna och bidrar till att sprida kunskapen.<\/p>\n\n\n\n<p>Kommits have close contact with similar organizations around the world for exchange of knowledge and experience. The collaboration is organized through LOLA-ICT, which is a small umbrella organization that contributes to spreading the knowledge between it\u00b4s members<\/p>\n\n\n\n<figure class=\"wp-block-image size-large\"><img decoding=\"async\" src=\"https:\/\/kommits.se\/wp-content\/uploads\/2023\/07\/lola.jpg\" alt=\"\"\/><\/figure>\n\n\n\n<p>LOLA<br><a href=\"http:\/\/lola.v-ict-or.be\/\">http:\/\/lola.v-ict-or.be\/<\/a><\/p>\n\n\n\n<h2 class=\"wp-block-heading\">V\u00e4nf\u00f6reningar<\/h2>\n\n\n\n<figure class=\"wp-block-image size-large\"><img decoding=\"async\" src=\"https:\/\/kommits.se\/wp-content\/uploads\/2023\/07\/victor.jpg\" alt=\"\"\/><\/figure>\n\n\n\n<p>V-ICT-OR<br>Belgien<br><a href=\"http:\/\/www.v-ict-or.be\/\">www.v-ict-or.be<\/a><\/p>\n\n\n\n<figure class=\"wp-block-image size-large\"><img decoding=\"async\" src=\"https:\/\/kommits.se\/wp-content\/uploads\/2023\/07\/MISA_ASIM_logo_rgb.gif\" alt=\"\"\/><\/figure>\n\n\n\n<p>MISA \/ ASIM<br>Canada<br><a href=\"http:\/\/www.misa-asim.ca\/\">www.misa-asim.ca<\/a><\/p>\n\n\n\n<figure class=\"wp-block-image size-large\"><img decoding=\"async\" src=\"https:\/\/kommits.se\/wp-content\/uploads\/2023\/07\/KitaDK.jpg\" alt=\"\"\/><\/figure>\n\n\n\n<p>KITA<br>Danmark<br><a href=\"http:\/\/www.itchefer.dk\/\">www.itchefer.dk<\/a><\/p>\n\n\n\n<figure class=\"wp-block-image size-large\"><img decoding=\"async\" src=\"https:\/\/kommits.se\/wp-content\/uploads\/2023\/07\/viag.gif\" alt=\"\"\/><\/figure>\n\n\n\n<p>VIAG<br>Nederl\u00e4nderna<br><a href=\"http:\/\/www.viag.nl\/\">www.viag.nl<\/a><\/p>\n\n\n\n<figure class=\"wp-block-image size-full\"><img loading=\"lazy\" decoding=\"async\" width=\"161\" height=\"84\" src=\"https:\/\/kommits.adue.se\/wp-content\/uploads\/2023\/07\/algimlogo1.gif\" alt=\"\" class=\"wp-image-344\"\/><\/figure>\n\n\n\n<p>ALGIM<br>Nya Zeeland<br><a href=\"http:\/\/www.algim.org.nz\/\">www.algim.org.nz<\/a><\/p>\n\n\n\n<figure class=\"wp-block-image size-full\"><img loading=\"lazy\" decoding=\"async\" width=\"176\" height=\"50\" src=\"https:\/\/kommits.adue.se\/wp-content\/uploads\/2023\/07\/socitm.gif\" alt=\"\" class=\"wp-image-349\"\/><\/figure>\n\n\n\n<p>SOCITM<br>Storbritannien<br><a href=\"http:\/\/www.socitm.net\/\">www.socitm.net<\/a><\/p>\n\n\n\n<figure class=\"wp-block-image size-full\"><img loading=\"lazy\" decoding=\"async\" width=\"151\" height=\"81\" src=\"https:\/\/kommits.adue.se\/wp-content\/uploads\/2023\/07\/gmislogo.jpg\" alt=\"\" class=\"wp-image-345\"\/><\/figure>\n\n\n\n<p>GMIS<br>USA<br><a href=\"http:\/\/www.gmis.org\/\">www.gmis.org<\/a><\/p>\n","protected":false},"excerpt":{"rendered":"<p>Kommits har ett antal v\u00e4nf\u00f6reningar d\u00e4r det sker ett utbyte av kunskap och erfarenheter. De kontakterna \u00e4r ocks\u00e5 en viktig del av omv\u00e4rldsanalysen. Samarbetet \u00e4r organiserat genom LOLA-ICT, som \u00e4r en liten paraplyorganisation som f\u00e5ngar upp de gemensamma fr\u00e5gorna och bidrar till att sprida kunskapen. Kommits have close contact with similar organizations around the world [&hellip;]<\/p>\n","protected":false},"author":3,"featured_media":0,"parent":0,"menu_order":0,"comment_status":"closed","ping_status":"closed","template":"","meta":{"footnotes":""},"class_list":["post-342","page","type-page","status-publish","hentry"],"_links":{"self":[{"href":"https:\/\/kommits.se\/index.php?rest_route=\/wp\/v2\/pages\/342","targetHints":{"allow":["GET"]}}],"collection":[{"href":"https:\/\/kommits.se\/index.php?rest_route=\/wp\/v2\/pages"}],"about":[{"href":"https:\/\/kommits.se\/index.php?rest_route=\/wp\/v2\/types\/page"}],"author":[{"embeddable":true,"href":"https:\/\/kommits.se\/index.php?rest_route=\/wp\/v2\/users\/3"}],"replies":[{"embeddable":true,"href":"https:\/\/kommits.se\/index.php?rest_route=%2Fwp%2Fv2%2Fcomments&post=342"}],"version-history":[{"count":6,"href":"https:\/\/kommits.se\/index.php?rest_route=\/wp\/v2\/pages\/342\/revisions"}],"predecessor-version":[{"id":489,"href":"https:\/\/kommits.se\/index.php?rest_route=\/wp\/v2\/pages\/342\/revisions\/489"}],"wp:attachment":[{"href":"https:\/\/kommits.se\/index.php?rest_route=%2Fwp%2Fv2%2Fmedia&parent=342"}],"curies":[{"name":"wp","href":"https:\/\/api.w.org\/{rel}","templated":true}]}}