{"id":317,"date":"2023-07-11T13:29:46","date_gmt":"2023-07-11T13:29:46","guid":{"rendered":"https:\/\/kommits.adue.se\/?page_id=317"},"modified":"2026-04-01T11:56:46","modified_gmt":"2026-04-01T11:56:46","slug":"medlemmar","status":"publish","type":"page","link":"https:\/\/kommits.se\/?page_id=317","title":{"rendered":"Medlemmar"},"content":{"rendered":"\n<h1 class=\"wp-block-heading\">KommITS medlemmar<\/h1>\n\n\n\n<p>Om uppgifterna inte st\u00e4mmer kan du mejla till KommITS&nbsp;<a href=\"mailto:kansli@kommits.se\">kansli<\/a>.<\/p>\n\n\n\n<figure class=\"wp-block-table\"><table><thead><tr><th>Kommun<\/th><th>Kontaktperson<\/th><\/tr><\/thead><tbody><tr><td><a href=\"http:\/\/www.ale.se\/\" target=\"_blank\" rel=\"noreferrer noopener\">Ale kommun<\/a><\/td><td>Kristina Bilger<\/td><\/tr><tr><td><a href=\"http:\/\/www.alingsas.se\/\" target=\"_blank\" rel=\"noreferrer noopener\">Alings\u00e5s kommun<\/a><\/td><td>G\u00f6ran Westerlund<\/td><\/tr><tr><td><a href=\"http:\/\/www.arvika.se\/\">Arvika kommun<\/a><\/td><td>G\u00f6ran Andersson<\/td><\/tr><tr><td><a href=\"http:\/\/www.bengtsfors.se\/\">Bengtsfors kommun<\/a><\/td><td>Marcus Holm<\/td><\/tr><tr><td><a href=\"http:\/\/www.boden.se\/\">Bodens kommun<\/a><\/td><td>Per Olsson<\/td><\/tr><tr><td><a href=\"http:\/\/www.bollebygd.se\/\">Bollebygds kommun<\/a><\/td><td>Ulrika Bergvall<\/td><\/tr><tr><td><a href=\"http:\/\/www.bollnas.se\/\">Bolln\u00e4s kommun<\/a><\/td><td>Katarina Ahlstr\u00f6m<\/td><\/tr><tr><td><a href=\"http:\/\/www.borlange.se\/\">Borl\u00e4nge kommun<\/a><\/td><td>Eva Bjurling<\/td><\/tr><tr><td><a href=\"http:\/\/www.boras.se\/\">Bor\u00e5s kommun<\/a><\/td><td>Susanne Borss\u00e9n Josefsson<\/td><\/tr><tr><td><a href=\"http:\/\/www.botkyrka.se\/\">Botkyrka&nbsp;kommun<\/a><\/td><td>Virpi S\u00f6derlund<\/td><\/tr><tr><td><a href=\"http:\/\/www.bracke.se\/\">Br\u00e4cke kommun<\/a><\/td><td>Kjell-\u00c5ke Dahlberg<\/td><\/tr><tr><td><a href=\"http:\/\/www.burlov.se\/\">Burl\u00f6vs kommun<\/a><\/td><td>Charlotte Tapper<\/td><\/tr><tr><td><a href=\"http:\/\/www.bastad.se\/\">B\u00e5stads kommun<\/a><\/td><td>Anders Bj\u00f6rk<\/td><\/tr><tr><td><a href=\"http:\/\/www.danderyd.se\/\">Danderyds kommun<\/a><\/td><td>Bj\u00f6rn Paakkinen<\/td><\/tr><tr><td><a href=\"http:\/\/www.degerfors.se\/\">Degerfors kommun<\/a><\/td><td>Kim Berg<\/td><\/tr><tr><td><a href=\"http:\/\/www.ekero.se\/\">Eker\u00f6 kommun<\/a><\/td><td>Maria Svensson<\/td><\/tr><tr><td><a href=\"http:\/\/www.emmaboda.se\/\">Emmaboda kommun<\/a><\/td><td>Henrik Andersson<\/td><\/tr><tr><td><a href=\"http:\/\/www.enkoping.se\/\">Enk\u00f6pings kommun<\/a><\/td><td>Magnus Nideborn<\/td><\/tr><tr><td><a href=\"http:\/\/www.eskilstuna.se\/\">Eskilstuna kommun<\/a><\/td><td>Peter Malml\u00f6f<\/td><\/tr><tr><td><a href=\"http:\/\/www.eslov.se\/\">Esl\u00f6vs kommun<\/a><\/td><td>Eva-Lena Nilsson<\/td><\/tr><tr><td><a href=\"http:\/\/www.essunga.se\/\">Essunga kommun<\/a><\/td><td>Kristina Rudolfson<\/td><\/tr><tr><td><a href=\"http:\/\/www.fagersta.se\/\">Fagersta kommun<\/a><\/td><td><\/td><\/tr><tr><td><a href=\"http:\/\/www.falkenberg.se\/\">Falkenbergs kommun<\/a><\/td><td>Thorbj\u00f6rn Larsson<\/td><\/tr><tr><td><a href=\"http:\/\/www.falkoping.se\/\">Falk\u00f6pings kommun<\/a><\/td><td>Per Agustsson<\/td><\/tr><tr><td><a href=\"http:\/\/www.falun.se\/\">Falu kommun<\/a><\/td><td>Charles Karjalainen<\/td><\/tr><tr><td><a href=\"http:\/\/www.filipstad.se\/\">Filipstads kommun<\/a><\/td><td>Magnus Nelson<\/td><\/tr><tr><td><a href=\"http:\/\/www.finspang.se\/\">Finsp\u00e5ngs kommun<\/a><\/td><td>Oskar N\u00f6stdal<\/td><\/tr><tr><td><a href=\"http:\/\/www.flen.se\/\">Flens kommun<\/a><\/td><td>Niklas Witt<\/td><\/tr><tr><td><a href=\"http:\/\/www.fargelanda.se\/\">F\u00e4rgelanda kommun<\/a><\/td><td>Jonas Berggren<\/td><\/tr><tr><td><a href=\"http:\/\/www.gagnef.se\/\">Gagnefs kommun<\/a><\/td><td>Tomas Hellquist<\/td><\/tr><tr><td><a href=\"http:\/\/www.gnosjo.se\/\">Gnosj\u00f6 kommun<\/a><\/td><td>Jonas Steen<\/td><\/tr><tr><td><a href=\"http:\/\/www.gotland.se\/\">Gotlands kommun<\/a><\/td><td>Hans Lyttkens<\/td><\/tr><tr><td><a href=\"http:\/\/www.grums.se\/\">Grums kommun<\/a><\/td><td>Andreas Nilsson<\/td><\/tr><tr><td><a href=\"http:\/\/www.gellivare.se\/\">G\u00e4llivare kommun<\/a><\/td><td>Magnus Ij\u00e4s<\/td><\/tr><tr><td><a href=\"http:\/\/www.gastrikeatervinnare.se\/\">G\u00e4strike \u00c5tervinnare kommunf\u00f6rbund<\/a><\/td><td>Henrik Oth\u00e9n<\/td><\/tr><tr><td><a href=\"http:\/\/www.gavle.se\/\">G\u00e4vle kommun<\/a><\/td><td>Magnus Broman<\/td><\/tr><tr><td><a href=\"http:\/\/www.goliskait.se\/\">G\u00f6LiSka kommunalf\u00f6rbundet<\/a><\/td><td>Karl-Bertil Larsson<\/td><\/tr><tr><td><a href=\"http:\/\/www.goteborg.se\/\">G\u00f6teborgs kommun<\/a><\/td><td>Anders Nilsson<\/td><\/tr><tr><td><a href=\"http:\/\/www.gotene.se\/\">G\u00f6tene kommun<\/a><\/td><td>Ingemar Ros<\/td><\/tr><tr><td><a href=\"http:\/\/www.hagfors.se\/\">Hagfors kommun<\/a><\/td><td>Johnny L\u00f6vgren<\/td><\/tr><tr><td><a href=\"http:\/\/www.halmstad.se\/\">Halmstads kommun<\/a><\/td><td>Sofia Bramst\u00e5ng<\/td><\/tr><tr><td><a href=\"http:\/\/www.haninge.se\/\">Haninge kommun<\/a><\/td><td>Jeanette Thorell<\/td><\/tr><tr><td><a href=\"http:\/\/www.hedemora.se\/\">Hedemora kommun<\/a><\/td><td>G\u00f6ran Hoffman<\/td><\/tr><tr><td><a href=\"http:\/\/www.hofors.se\/\">Hofors kommun<\/a><\/td><td>G\u00f6ran Ekelund<\/td><\/tr><tr><td><a href=\"http:\/\/www.huddinge.se\/\">Huddinge kommun<\/a><\/td><td>Boel Norell Winlund<\/td><\/tr><tr><td><a href=\"http:\/\/www.hudiksvall.se\/\">Hudiksvalls kommun<\/a><\/td><td>Henrik Adestedt&nbsp;<\/td><\/tr><tr><td><a href=\"http:\/\/www.hultsfred.se\/\">Hultsfreds kommun<\/a><\/td><td>Stefan Wittlock<\/td><\/tr><tr><td><a href=\"http:\/\/www.hylte.se\/\">Hylte kommun<\/a><\/td><td>Hans Berntsson<\/td><\/tr><tr><td><a href=\"https:\/\/kommun.herjedalen.se\/2.b163a1c11a771c96918000980.html\">H\u00e4rjedalens kommun<\/a><\/td><td>Andre \u00e5slund<\/td><\/tr><tr><td><a href=\"http:\/\/www.harryda.se\/\">H\u00e4rryda kommun<\/a><\/td><td>Anders Lagerkvist<\/td><\/tr><tr><td><a href=\"http:\/\/www.hoganas.se\/\">H\u00f6gan\u00e4s kommun<\/a><\/td><td>Mats L\u00f6fgren<\/td><\/tr><tr><td><a href=\"http:\/\/www.hoglandet.se\/\">H\u00f6glandets kommunalf\u00f6rbund<\/a><\/td><td>Marina Brtan<\/td><\/tr><tr><td><a href=\"http:\/\/www.kalmar.se\/\">Kalmar kommun<\/a><\/td><td>Robert Carlsson<\/td><\/tr><tr><td><a href=\"http:\/\/www.karlshamn.se\/\">Karlshamn kommun<\/a><\/td><td>Einar Berntsson<\/td><\/tr><tr><td><a href=\"http:\/\/www.karlskoga.se\/\">Karlskoga kommun<\/a><\/td><td>Peter Karlsson<\/td><\/tr><tr><td><a href=\"http:\/\/www.karlskrona.se\/\">Karlskrona kommun<\/a><\/td><td>Fredrik Sj\u00f6rlin<\/td><\/tr><tr><td><a href=\"http:\/\/www.karlstad.se\/\">Karlstads kommun<\/a><\/td><td>Lotta Wahl\u00e9n<\/td><\/tr><tr><td><a href=\"http:\/\/www.katrineholm.se\/\">Katrineholms kommun<\/a><\/td><td>Andreas Peterz\u00e9n<\/td><\/tr><tr><td><a href=\"http:\/\/www.klippan.se\/\">Klippans kommun<\/a><\/td><td>Thomas Nilsson<\/td><\/tr><tr><td><a href=\"http:\/\/www.knivsta.se\/\">Knivsta kommun<\/a><\/td><td>Andreas Synning IT-centrum<\/td><\/tr><tr><td><a href=\"http:\/\/www.kfsh.se\/\">Kommunf\u00f6rbundet S\u00f6dra H\u00e4lsingland<\/a><\/td><td>Lisa B\u00e4ck<\/td><\/tr><tr><td><a href=\"http:\/\/www.kramfors.se\/\">Kramfors kommun<\/a><\/td><td>Tomas Berggren<\/td><\/tr><tr><td><a href=\"http:\/\/www.kristinehamn.se\/\">Kristinehamns kommun<\/a><\/td><td><\/td><\/tr><tr><td><a href=\"http:\/\/www.krokom.se\/\">Krokoms kommun<\/a><\/td><td>Jan S\u00f6derman<\/td><\/tr><tr><td><a href=\"http:\/\/www.kavlinge.se\/\">K\u00e4vlinge kommun<\/a><\/td><td>J\u00f6rgen Eriksson<\/td><\/tr><tr><td><a href=\"http:\/\/www.laholm.se\/\">Laholms kommun<\/a><\/td><td>Conny Ottosson<\/td><\/tr><tr><td><a href=\"http:\/\/landskrona.se\">Landskrona stad<\/a><\/td><td>Jonas Flor\u00e9n<\/td><\/tr><tr><td><a href=\"http:\/\/www.leksand.se\/\">Leksands kommun<\/a><\/td><td>Per Thulemark<\/td><\/tr><tr><td><a href=\"http:\/\/www.lerum.se\/\">Lerums kommun<\/a><\/td><td>Daniel Nettby<\/td><\/tr><tr><td><a href=\"http:\/\/www.lessebo.se\/\">Lessebo kommun<\/a><\/td><td>Sara Nilsson<\/td><\/tr><tr><td><a href=\"http:\/\/www.lidkoping.se\/\">Lidk\u00f6pings kommun<\/a><\/td><td>Lars-Gunnar Rask<\/td><\/tr><tr><td><a href=\"http:\/\/www.ljusdal.se\/\">Ljusdals kommun<\/a><\/td><td>\u00c5sa Juhl\u00e9n<\/td><\/tr><tr><td><a href=\"http:\/\/www.lomma.se\/\">Lomma kommun<\/a><\/td><td><\/td><\/tr><tr><td><a href=\"http:\/\/www.lulea.se\/\">Lule\u00e5 kommun<\/a><\/td><td>Daniel Ahlqvist<\/td><\/tr><tr><td><a href=\"http:\/\/www.malmo.se\/\">Malm\u00f6 stad<\/a><\/td><td>Christer Christensson<\/td><\/tr><tr><td><a href=\"http:\/\/www.malung.se\/\">Malung-S\u00e4lens kommun<\/a><\/td><td>Peter Eriksson<\/td><\/tr><tr><td><a href=\"http:\/\/www.markaryd.se\/\">Markaryds kommun<\/a><\/td><td>Ludvig Nagy<\/td><\/tr><tr><td><a href=\"http:\/\/www.mark.se\/\">Marks kommun<\/a><\/td><td>Peter H\u00e5kansson<\/td><\/tr><tr><td><a href=\"http:\/\/www.mellerud.se\/\">Melleruds kommun<\/a><\/td><td>Torbj\u00f6rn Svedung<\/td><\/tr><tr><td><a href=\"http:\/\/www.mora.se\/\">Mora kommun<\/a><\/td><td>Leo Berndtson<\/td><\/tr><tr><td><a href=\"http:\/\/www.munkedal.se\/\">Munkedals kommun<\/a><\/td><td>Max Birath<\/td><\/tr><tr><td><a href=\"http:\/\/www.molndal.se\/\">M\u00f6lndals kommun<\/a><\/td><td>Annika Samuelsson<\/td><\/tr><tr><td><a href=\"http:\/\/www.nacka.se\/\">Nacka kommun<\/a><\/td><td>Brita Molavi R\u00f6sblad<\/td><\/tr><tr><td><a href=\"http:\/\/www.nora.se\/\">Nora kommun<\/a><\/td><td>J\u00f6rgen Bergstrand<\/td><\/tr><tr><td><a href=\"http:\/\/www.norberg.se\/\">Norbergs kommun<\/a><\/td><td><\/td><\/tr><tr><td><a href=\"http:\/\/www.norrkoping.se\/\">Norrk\u00f6pings kommun<\/a><\/td><td><\/td><\/tr><tr><td><a href=\"http:\/\/norrtalje.se\">Norrt\u00e4lje kommun<\/a><\/td><td>Kenth Ejdersand<\/td><\/tr><tr><td><a href=\"http:\/\/www.nybro.se\/\">Nybro kommun<\/a><\/td><td>Niklas Persson<\/td><\/tr><tr><td><a href=\"http:\/\/www.nykvarn.se\/\">Nykvarns kommun<\/a><\/td><td>Toivo Tiedemann<\/td><\/tr><tr><td><a href=\"http:\/\/www.nykoping.se\/\">Nyk\u00f6pings kommun<\/a><\/td><td>Peter Palmeback<\/td><\/tr><tr><td><a href=\"http:\/\/www.nynashamn.se\/\">Nyn\u00e4shamns kommun<\/a><\/td><td>Sven Elmqvist<\/td><\/tr><tr><td><a href=\"http:\/\/www.ockelbo.se\/\">Ockelbo kommun<\/a><\/td><td>Lotta SenTakuri<\/td><\/tr><tr><td><a href=\"http:\/\/www.olofstrom.se\/\">Olofstr\u00f6ms kommun<\/a><\/td><td>Fredrik Anderberg<\/td><\/tr><tr><td><a href=\"http:\/\/www.orust.se\/\">Orust kommun<\/a><\/td><td>G\u00f6ran Engblom<\/td><\/tr><tr><td><a href=\"http:\/\/www.osby.se\/\">Osby kommun<\/a><\/td><td>Hans Ellebring<\/td><\/tr><tr><td><a href=\"http:\/\/www.ovanaker.se\/\">Ovan\u00e5kers kommun<\/a><\/td><td>Bj\u00f6rn Arting<\/td><\/tr><tr><td><a href=\"http:\/\/www.oxelosund.se\/\">Oxel\u00f6sund kommun.<\/a><\/td><td>Frida Appelkvist<\/td><\/tr><tr><td><a href=\"http:\/\/www.partille.se\/\">Partille kommun<\/a><\/td><td>Per Wikstr\u00f6m<\/td><\/tr><tr><td><a href=\"http:\/\/www.perstorp.se\/\">Perstorps kommun<\/a><\/td><td>Roger Nord<\/td><\/tr><tr><td><a href=\"http:\/\/www.sala.se\/\">Sala kommun<\/a><\/td><td>Marie Johansson<\/td><\/tr><tr><td><a href=\"http:\/\/www.solvesborg.se\/2234\">Sambo \/ S\u00f6lvesborgs kommun<\/a><\/td><td>Thomas Hallberg<\/td><\/tr><tr><td><a href=\"http:\/\/www.sandviken.se\/\">Sandvikens kommun<\/a><\/td><td>Johan Moritz<\/td><\/tr><tr><td><a href=\"http:\/\/www.sigtuna.se\/\">Sigtuna kommun<\/a><\/td><td>Colin Lanflo<\/td><\/tr><tr><td><a href=\"http:\/\/www.simrishamn.se\/\">Simrishamns kommun<\/a><\/td><td>Peter Nilsson<\/td><\/tr><tr><td><a href=\"http:\/\/www.sjobo.se\/\">Sj\u00f6bo kommun<\/a><\/td><td>Napoleon Truedsson<\/td><\/tr><tr><td><a href=\"http:\/\/www.skelleftea.se\/\">Skellefte\u00e5 kommun<\/a><\/td><td>Joakim Lundin<\/td><\/tr><tr><td><a href=\"http:\/\/www.skinnskatteberg.se\">Skinnskattebergs kommun<\/a><\/td><td>Stefan Ryman<\/td><\/tr><tr><td><a href=\"http:\/\/www.skr.se\/\">SKR<\/a><\/td><td>Lotta Nordstr\u00f6m<\/td><\/tr><tr><td><a href=\"http:\/\/www.skurup.se\/\">Skurups kommun<\/a><\/td><td>Marie Hagerstad<\/td><\/tr><tr><td><a href=\"http:\/\/www.skovde.se\/\">Sk\u00f6vde kommun<\/a><\/td><td>Fredrik Edholm<\/td><\/tr><tr><td><a href=\"http:\/\/www.solleftea.se\/\">Sollefte\u00e5 kommun<\/a><\/td><td>Ingalill N\u00e4slund Persson<\/td><\/tr><tr><td><a href=\"http:\/\/www.sollentuna.se\/\">Sollentuna kommun<\/a><\/td><td>Claes Entzell<\/td><\/tr><tr><td><a href=\"http:\/\/www.staffanstorp.se\/\">Staffanstorps kommun<\/a><\/td><td>Johanna Sprimont<\/td><\/tr><tr><td><a href=\"http:\/\/www.stenungsund.se\/\">Stenungsunds kommun<\/a><\/td><td>Lars Liden<\/td><\/tr><tr><td><a href=\"http:\/\/www.storfors.se\">Storfors kommun<\/a><\/td><td>Maria Nordstr\u00f6m<\/td><\/tr><tr><td><a href=\"http:\/\/www.strangnas.se\/\">Str\u00e4ngn\u00e4s kommun<\/a><\/td><td>Mee Gripler<\/td><\/tr><tr><td><a href=\"http:\/\/www.stromstad.se\/\">Str\u00f6mstads kommun<\/a><\/td><td>Anette Knutsson<\/td><\/tr><tr><td><a href=\"http:\/\/www.sundbyberg.se\/\">Sundbybergs stad<\/a><\/td><td>Fredrik H\u00e4rd\u00e9n<\/td><\/tr><tr><td><a href=\"http:\/\/www.svalov.se\/\">Sval\u00f6vs kommun<\/a><\/td><td>Michael Andersson<\/td><\/tr><tr><td><a href=\"http:\/\/www.svedala.se\/\">Svedala kommun<\/a><\/td><td>Roger Nilsson<\/td><\/tr><tr><td><a href=\"http:\/\/www.svenljunga.se\/\">Svenljunga kommun<\/a><\/td><td>Tomas Klug<\/td><\/tr><tr><td>Sydn\u00e4rkes IT-f\u00f6rvaltning<\/td><td>Marcus Sederberg<\/td><\/tr><tr><td><a href=\"http:\/\/www.saffle.se\/\">S\u00e4ffle kommun<\/a><\/td><td>J\u00f6rgen Paulsson<\/td><\/tr><tr><td><a href=\"http:\/\/www.sater.se\/\">S\u00e4ters kommun<\/a><\/td><td>Brittmarie Niglis<\/td><\/tr><tr><td><a href=\"http:\/\/www.savsjo.se\/\">S\u00e4vsj\u00f6 kommun<\/a><\/td><td>Tobias Mossbrant<\/td><\/tr><tr><td><a href=\"http:\/\/www.soderhamn.se\/\">S\u00f6derhamns kommun<\/a><\/td><td>Johannes Helfrich<\/td><\/tr><tr><td><a href=\"http:\/\/www.soderkoping.se\/\">S\u00f6derk\u00f6pings kommun<\/a><\/td><td>Christian Valgren<\/td><\/tr><tr><td><a href=\"http:\/\/www.sodertalje.se\/\">S\u00f6dert\u00e4lje kommun<\/a><\/td><td>Justin Kaspo<\/td><\/tr><tr><td><a href=\"http:\/\/www.tanum.se\/\">Tanums kommun<\/a><\/td><td>Sofia Tuv\u00e4ng<\/td><\/tr><tr><td><a href=\"http:\/\/www.tidaholm.se\/\">Tidaholms kommun<\/a><\/td><td>Helena Hammar<\/td><\/tr><tr><td><a href=\"http:\/\/www.tierp.se\/\">Tierps kommun<\/a><\/td><td>Andreas Synning IT-centrum<\/td><\/tr><tr><td><a href=\"http:\/\/www.timra.se\/\">Timr\u00e5 kommun<\/a><\/td><td>Stefan Eriksson<\/td><\/tr><tr><td><a href=\"http:\/\/www.tingsryd.se\/\">Tingsryds kommun<\/a><\/td><td>P\u00e4r Dahlen<\/td><\/tr><tr><td><a href=\"http:\/\/www.tomelilla.se\/\">Tomelilla kommun<\/a><\/td><td>Mikael G\u00f6ransson<\/td><\/tr><tr><td><a href=\"http:\/\/www.tranas.se\/\">Tran\u00e5s kommun<\/a><\/td><td>Kjell Pettersson<\/td><\/tr><tr><td><a href=\"http:\/\/www.trelleborg.se\/\">Trelleborgs kommun<\/a><\/td><td>Stefan Andersson<\/td><\/tr><tr><td><a href=\"http:\/\/www.trollhattan.se\/\">Trollh\u00e4ttans kommun<\/a><\/td><td>Rasmus L\u00e4ndstr\u00f6m<\/td><\/tr><tr><td><a href=\"http:\/\/www.trosa.se\/\">Trosa kommun<\/a><\/td><td>Tommy Biserud<\/td><\/tr><tr><td><a href=\"http:\/\/www.tyreso.se\/\">Tyres\u00f6 kommun<\/a><\/td><td>Linda Herkommer<\/td><\/tr><tr><td><a href=\"http:\/\/www.taby.se\/\">T\u00e4by kommun<\/a><\/td><td>Johannes S\u00f6derlund<\/td><\/tr><tr><td><a href=\"http:\/\/www.toreboda.se\/\">T\u00f6reboda kommun<\/a><\/td><td>Christofer Olsson<\/td><\/tr><tr><td><a href=\"http:\/\/www.uddevalla.se\/\">Uddevalla kommun<\/a><\/td><td>Roger Granat<\/td><\/tr><tr><td><a href=\"http:\/\/www.ulricehamn.se\/\">Ulricehamns kommun<\/a><\/td><td>Jenny Hulander<\/td><\/tr><tr><td><a href=\"http:\/\/www.umea.se\/\">Ume\u00e5 kommun<\/a><\/td><td>Mattias Wallmark<\/td><\/tr><tr><td>Unikum IT kommuner SK\u00e5ne AB<\/td><td>Cecilia Alvesson<\/td><\/tr><tr><td><a href=\"http:\/\/www.upplandsvasby.se\/\">Upplands V\u00e4sby kommun<\/a><\/td><td>Stig Fjeldheim<\/td><\/tr><tr><td><a href=\"http:\/\/www.upplands-bro.se\/\">Upplands-Bro kommun<\/a><\/td><td>Mattias Rindefors<\/td><\/tr><tr><td><a href=\"http:\/\/www.uppvidinge.se\/\">Uppvidinge kommun<\/a><\/td><td>Niklas Jansson<\/td><\/tr><tr><td><a href=\"http:\/\/www.vadstena.se\/\">Vadstena kommun<\/a><\/td><td>Roland Jaeger<\/td><\/tr><tr><td><a href=\"http:\/\/www.vallentuna.se\/\">Vallentuna kommun<\/a><\/td><td>Kenneth Hedlund<\/td><\/tr><tr><td><a href=\"http:\/\/www.varberg.se\/\">Varbergs kommun<\/a><\/td><td>H\u00e5kan Axelsson<\/td><\/tr><tr><td><a href=\"http:\/\/www.vaxholm.se\/\">Vaxholms stad<\/a><\/td><td><\/td><\/tr><tr><td><a href=\"http:\/\/www.vellinge.se\/\">Vellinge kommun<\/a><\/td><td>Thomas Lorentzon<\/td><\/tr><tr><td><a href=\"http:\/\/www.vetlanda.se\/\">Vetlanda kommun<\/a><\/td><td>Thomas Sandh<\/td><\/tr><tr><td><a href=\"http:\/\/www.vargarda.se\/\">V\u00e5rg\u00e5rda kommun<\/a><\/td><td>G\u00f6te Olsson<\/td><\/tr><tr><td><a href=\"http:\/\/www.vanersborg.se\/\">V\u00e4nersborgs kommun<\/a><\/td><td>J\u00f6rgen Haglund<\/td><\/tr><tr><td><a href=\"http:\/\/www.vannas.se\/\">V\u00e4nn\u00e4s kommun<\/a><\/td><td>Anders Henriksson<\/td><\/tr><tr><td><a href=\"http:\/\/www.varmdo.se\/\">V\u00e4rmd\u00f6 kommun<\/a><\/td><td><\/td><\/tr><tr><td><a href=\"http:\/\/www.varnamo.se\/\">V\u00e4rnamo kommun<\/a><\/td><td>Per Svenningsson<\/td><\/tr><tr><td><a href=\"http:\/\/www.vasteras.se\/\">V\u00e4ster\u00e5s stad<\/a><\/td><td>J\u00f6rgen Sandstr\u00f6m<\/td><\/tr><tr><td><a href=\"http:\/\/www.ystad.se\/\">Ystads kommun<\/a><\/td><td>Fredrik Nilsson<\/td><\/tr><tr><td><a href=\"http:\/\/www.amal.se\/\">\u00c5m\u00e5ls kommun<\/a><\/td><td>Pontus Karlsson<\/td><\/tr><tr><td><a href=\"http:\/\/www.ange.se\/\">\u00c5nge kommun<\/a><\/td><td>P\u00e4r N\u00e4slund<\/td><\/tr><tr><td><a href=\"http:\/\/www.are.se\/\">\u00c5re kommun<\/a><\/td><td>Johan Pettersson<\/td><\/tr><tr><td><a href=\"http:\/\/www.arjang.se\/\">\u00c5rj\u00e4ngs kommun<\/a><\/td><td>Agnetha Persson<\/td><\/tr><tr><td><a href=\"http:\/\/www.astorp.se\/\">\u00c5storps kommun<\/a><\/td><td>Ellinor Franz\u00e9n<\/td><\/tr><tr><td><a href=\"http:\/\/www.alvkarleby.se\/\">\u00c4lvkarleby kommun<\/a><\/td><td>Andreas Synning IT-centrum<\/td><\/tr><tr><td><a href=\"http:\/\/www.angelholm.se\/\">\u00c4ngelholms kommun<\/a><\/td><td>Line Lund<\/td><\/tr><tr><td><a href=\"http:\/\/www.orebro.se\/\">\u00d6rebro kommun<\/a><\/td><td>Jay Bradford<\/td><\/tr><tr><td><\/td><td><\/td><\/tr><tr><td><a href=\"http:\/\/www.ornskoldsvik.se\/\">\u00d6rnsk\u00f6ldsviks kommun<\/a><\/td><td>Jens Danielsson<\/td><\/tr><tr><td><a href=\"http:\/\/www.ostersund.se\/\">\u00d6stersunds kommun<\/a><\/td><td>Marie Frykl\u00f6f<\/td><\/tr><tr><td><a href=\"http:\/\/www.osteraker.se\/\">\u00d6ster\u00e5kers kommun<\/a><\/td><td>Stefan Nyberg<\/td><\/tr><tr><td><a href=\"http:\/\/www.osthammar.se\/\">\u00d6sthammars kommun<\/a><\/td><td>Andreas Synning IT-centrum<\/td><\/tr><\/tbody><\/table><\/figure>\n\n\n\n<p>Sidan uppdaterad:&nbsp;2026-01-29<\/p>\n\n\n\n<p><\/p>\n","protected":false},"excerpt":{"rendered":"<p>KommITS medlemmar Om uppgifterna inte st\u00e4mmer kan du mejla till KommITS&nbsp;kansli. Kommun Kontaktperson Ale kommun Kristina Bilger Alings\u00e5s kommun G\u00f6ran Westerlund Arvika kommun G\u00f6ran Andersson Bengtsfors kommun Marcus Holm Bodens kommun Per Olsson Bollebygds kommun Ulrika Bergvall Bolln\u00e4s kommun Katarina Ahlstr\u00f6m Borl\u00e4nge kommun Eva Bjurling Bor\u00e5s kommun Susanne Borss\u00e9n Josefsson Botkyrka&nbsp;kommun Virpi S\u00f6derlund Br\u00e4cke kommun [&hellip;]<\/p>\n","protected":false},"author":3,"featured_media":0,"parent":0,"menu_order":0,"comment_status":"closed","ping_status":"closed","template":"","meta":{"footnotes":""},"class_list":["post-317","page","type-page","status-publish","hentry"],"_links":{"self":[{"href":"https:\/\/kommits.se\/index.php?rest_route=\/wp\/v2\/pages\/317","targetHints":{"allow":["GET"]}}],"collection":[{"href":"https:\/\/kommits.se\/index.php?rest_route=\/wp\/v2\/pages"}],"about":[{"href":"https:\/\/kommits.se\/index.php?rest_route=\/wp\/v2\/types\/page"}],"author":[{"embeddable":true,"href":"https:\/\/kommits.se\/index.php?rest_route=\/wp\/v2\/users\/3"}],"replies":[{"embeddable":true,"href":"https:\/\/kommits.se\/index.php?rest_route=%2Fwp%2Fv2%2Fcomments&post=317"}],"version-history":[{"count":26,"href":"https:\/\/kommits.se\/index.php?rest_route=\/wp\/v2\/pages\/317\/revisions"}],"predecessor-version":[{"id":931,"href":"https:\/\/kommits.se\/index.php?rest_route=\/wp\/v2\/pages\/317\/revisions\/931"}],"wp:attachment":[{"href":"https:\/\/kommits.se\/index.php?rest_route=%2Fwp%2Fv2%2Fmedia&parent=317"}],"curies":[{"name":"wp","href":"https:\/\/api.w.org\/{rel}","templated":true}]}}