{"id":181,"date":"2023-02-07T23:19:51","date_gmt":"2023-02-07T23:19:51","guid":{"rendered":"https:\/\/kommits.adue.se\/?page_id=181"},"modified":"2023-08-08T10:16:35","modified_gmt":"2023-08-08T10:16:35","slug":"lankar","status":"publish","type":"page","link":"https:\/\/kommits.se\/?page_id=181","title":{"rendered":"L\u00e4nkar"},"content":{"rendered":"\n<p>H\u00e4r samlas intressanta svenska l\u00e4nkar och \u00e4ven en l\u00e4nk till sidan med v\u00e5ra <a href=\"https:\/\/kommits.se\/?page_id=342\">internationella samarbetsorganisationer<\/a> <\/p>\n\n\n\n<figure class=\"wp-block-image size-full\"><img loading=\"lazy\" decoding=\"async\" width=\"165\" height=\"68\" src=\"https:\/\/kommits.se\/wp-content\/uploads\/2023\/07\/SKR_Logotype.jpg\" alt=\"\" class=\"wp-image-338\"\/><\/figure>\n\n\n\n<p><a href=\"http:\/\/www.skr.se\/\">www.skr.se<\/a><\/p>\n\n\n\n<figure class=\"wp-block-image size-large\"><img decoding=\"async\" src=\"https:\/\/kommits.se\/wp-content\/uploads\/2023\/07\/inera.jpg\" alt=\"\"\/><\/figure>\n\n\n\n<p><a href=\"http:\/\/www.inera.se\/\">Inera<\/a><\/p>\n\n\n\n<figure class=\"wp-block-image size-large\"><img decoding=\"async\" src=\"https:\/\/kommits.se\/wp-content\/uploads\/2023\/07\/Dela_digitalt_loggaww.jpg\" alt=\"\"\/><\/figure>\n\n\n\n<p><a href=\"http:\/\/www.deladigitalt.se\/\">www.deladigitalt.se<\/a><\/p>\n\n\n\n<figure class=\"wp-block-image size-large\"><img decoding=\"async\" src=\"https:\/\/kommits.se\/wp-content\/uploads\/2023\/07\/Digg.jpg\" alt=\"\"\/><\/figure>\n\n\n\n<p><a href=\"http:\/\/www.digg.se\/\">www.digg.se<\/a><\/p>\n\n\n\n<figure class=\"wp-block-image size-large\"><img decoding=\"async\" src=\"https:\/\/kommits.se\/wp-content\/uploads\/2023\/07\/ssnf.jpg\" alt=\"\"\/><\/figure>\n\n\n\n<p><a href=\"http:\/\/www.ssnf.org\/\">www.ssnf.org<\/a><\/p>\n\n\n\n<figure class=\"wp-block-image size-large\"><img decoding=\"async\" src=\"https:\/\/kommits.se\/wp-content\/uploads\/2023\/07\/sambruk-greenw.jpg\" alt=\"\"\/><\/figure>\n\n\n\n<p><a href=\"http:\/\/www.sambruk.se\/\">www.sambruk.se<\/a><\/p>\n\n\n\n<figure class=\"wp-block-image size-large\"><img decoding=\"async\" src=\"https:\/\/kommits.se\/wp-content\/uploads\/2023\/07\/eSam_logo_PMS-802C.png\" alt=\"\"\/><\/figure>\n\n\n\n<p>eSam<br><a href=\"http:\/\/www.esamverka.se\/\">www.esamverka.se<\/a><\/p>\n\n\n\n<figure class=\"wp-block-image size-large\"><img decoding=\"async\" src=\"https:\/\/kommits.se\/wp-content\/uploads\/2023\/07\/kivos.png\" alt=\"\"\/><\/figure>\n\n\n\n<p><a href=\"http:\/\/www.kivos.se\/\">www.kivos.se<\/a><\/p>\n\n\n\n<figure class=\"wp-block-image size-large\"><img decoding=\"async\" src=\"https:\/\/kommits.se\/wp-content\/uploads\/2023\/07\/bblogo.jpg\" alt=\"\"\/><\/figure>\n\n\n\n<p><a href=\"http:\/\/www.bredbandivarldsklass.se\/\">www.bredbandivarldsklass.se<\/a><\/p>\n\n\n\n<figure class=\"wp-block-image size-large\"><img decoding=\"async\" src=\"https:\/\/kommits.se\/wp-content\/uploads\/2023\/07\/infosakerhet.png\" alt=\"\"\/><\/figure>\n\n\n\n<p><a href=\"http:\/\/www.informationssakerhet.se\/\">www.informationssakerhet.se<\/a><\/p>\n","protected":false},"excerpt":{"rendered":"<p>H\u00e4r samlas intressanta svenska l\u00e4nkar och \u00e4ven en l\u00e4nk till sidan med v\u00e5ra internationella samarbetsorganisationer www.skr.se Inera www.deladigitalt.se www.digg.se www.ssnf.org www.sambruk.se eSamwww.esamverka.se www.kivos.se www.bredbandivarldsklass.se www.informationssakerhet.se<\/p>\n","protected":false},"author":1,"featured_media":0,"parent":0,"menu_order":0,"comment_status":"closed","ping_status":"closed","template":"","meta":{"footnotes":""},"class_list":["post-181","page","type-page","status-publish","hentry"],"_links":{"self":[{"href":"https:\/\/kommits.se\/index.php?rest_route=\/wp\/v2\/pages\/181","targetHints":{"allow":["GET"]}}],"collection":[{"href":"https:\/\/kommits.se\/index.php?rest_route=\/wp\/v2\/pages"}],"about":[{"href":"https:\/\/kommits.se\/index.php?rest_route=\/wp\/v2\/types\/page"}],"author":[{"embeddable":true,"href":"https:\/\/kommits.se\/index.php?rest_route=\/wp\/v2\/users\/1"}],"replies":[{"embeddable":true,"href":"https:\/\/kommits.se\/index.php?rest_route=%2Fwp%2Fv2%2Fcomments&post=181"}],"version-history":[{"count":8,"href":"https:\/\/kommits.se\/index.php?rest_route=\/wp\/v2\/pages\/181\/revisions"}],"predecessor-version":[{"id":487,"href":"https:\/\/kommits.se\/index.php?rest_route=\/wp\/v2\/pages\/181\/revisions\/487"}],"wp:attachment":[{"href":"https:\/\/kommits.se\/index.php?rest_route=%2Fwp%2Fv2%2Fmedia&parent=181"}],"curies":[{"name":"wp","href":"https:\/\/api.w.org\/{rel}","templated":true}]}}