{"id":136,"date":"2023-02-03T07:38:20","date_gmt":"2023-02-03T07:38:20","guid":{"rendered":"https:\/\/kommits.adue.se\/?page_id=136"},"modified":"2023-02-03T07:38:20","modified_gmt":"2023-02-03T07:38:20","slug":"om-webbplatsen-2","status":"publish","type":"page","link":"https:\/\/kommits.se\/?page_id=136","title":{"rendered":"Om Webbplatsen"},"content":{"rendered":"\n<p><strong>Information om Cookies<\/strong><br>P\u00e5 KommITS webbplats, www.kommits.se anv\u00e4nds Cookies. Cookies \u00e4r sm\u00e5 textfiler som lagras p\u00e5 bes\u00f6karens dator och som \u00e4r m\u00f6jlig att anv\u00e4nda f\u00f6r att f\u00f6lja vad bes\u00f6karen g\u00f6r p\u00e5 webbplatsen.<\/p>\n\n\n\n<p>Det finns tv\u00e5 typer av Cookies:<br>en permanent cookie ligger kvar p\u00e5 bes\u00f6karens dator under en best\u00e4md tid.<br>en sessionscookie lagras tillf\u00e4lligt i datorns minne under tiden en bes\u00f6kare \u00e4r inne p\u00e5 en webbsida. Sessioncookies f\u00f6rsvinner n\u00e4r du st\u00e4nger din webbl\u00e4sare.<\/p>\n\n\n\n<p>Cookies anv\u00e4nds enbart f\u00f6r de delar av webbplatsen som kr\u00e4ver inloggning.<br>Ingen personlig information, som e-post eller namn, sparas om bes\u00f6karen.<\/p>\n\n\n\n<p>Om du inte accepterar att cookies anv\u00e4nds kan du st\u00e4nga av cookies i din webbl\u00e4sares s\u00e4kerhetsinst\u00e4llningar. Du kan \u00e4ven st\u00e4lla in webbl\u00e4saren s\u00e5 att du f\u00e5r en fr\u00e5ga varje g\u00e5ng webbplatsen f\u00f6rs\u00f6ker placera en cookie p\u00e5 din dator. Genom webbl\u00e4saren kan ocks\u00e5 tidigare lagrade cookies raderas, se webbl\u00e4sarens hj\u00e4lpsidor f\u00f6r mer information.<br>Post- och telestyrelsen, som \u00e4r tillsynsmyndighet p\u00e5 omr\u00e5det, l\u00e4mnar ytterligare information om Cookies p\u00e5 sin webbplats,\u00a0www.pts.se<\/p>\n","protected":false},"excerpt":{"rendered":"<p>Information om CookiesP\u00e5 KommITS webbplats, www.kommits.se anv\u00e4nds Cookies. Cookies \u00e4r sm\u00e5 textfiler som lagras p\u00e5 bes\u00f6karens dator och som \u00e4r m\u00f6jlig att anv\u00e4nda f\u00f6r att f\u00f6lja vad bes\u00f6karen g\u00f6r p\u00e5 webbplatsen. Det finns tv\u00e5 typer av Cookies:en permanent cookie ligger kvar p\u00e5 bes\u00f6karens dator under en best\u00e4md tid.en sessionscookie lagras tillf\u00e4lligt i datorns minne under [&hellip;]<\/p>\n","protected":false},"author":1,"featured_media":0,"parent":0,"menu_order":0,"comment_status":"closed","ping_status":"closed","template":"","meta":{"footnotes":""},"class_list":["post-136","page","type-page","status-publish","hentry"],"_links":{"self":[{"href":"https:\/\/kommits.se\/index.php?rest_route=\/wp\/v2\/pages\/136","targetHints":{"allow":["GET"]}}],"collection":[{"href":"https:\/\/kommits.se\/index.php?rest_route=\/wp\/v2\/pages"}],"about":[{"href":"https:\/\/kommits.se\/index.php?rest_route=\/wp\/v2\/types\/page"}],"author":[{"embeddable":true,"href":"https:\/\/kommits.se\/index.php?rest_route=\/wp\/v2\/users\/1"}],"replies":[{"embeddable":true,"href":"https:\/\/kommits.se\/index.php?rest_route=%2Fwp%2Fv2%2Fcomments&post=136"}],"version-history":[{"count":1,"href":"https:\/\/kommits.se\/index.php?rest_route=\/wp\/v2\/pages\/136\/revisions"}],"predecessor-version":[{"id":137,"href":"https:\/\/kommits.se\/index.php?rest_route=\/wp\/v2\/pages\/136\/revisions\/137"}],"wp:attachment":[{"href":"https:\/\/kommits.se\/index.php?rest_route=%2Fwp%2Fv2%2Fmedia&parent=136"}],"curies":[{"name":"wp","href":"https:\/\/api.w.org\/{rel}","templated":true}]}}