{"id":13,"date":"2023-01-29T23:27:48","date_gmt":"2023-01-29T23:27:48","guid":{"rendered":"http:\/\/localhost\/?page_id=13"},"modified":"2026-03-24T10:30:34","modified_gmt":"2026-03-24T10:30:34","slug":"kommits-se","status":"publish","type":"page","link":"https:\/\/kommits.se\/","title":{"rendered":"V\u00e4lkommen till KommITs!"},"content":{"rendered":"\n<p><strong>Digitaliseringsdagarna 2026 genomf\u00f6rs i Karlstad 4-6 Maj. F\u00f6r att f\u00e5 r\u00e4tt fokus p\u00e5 erfarenhetsutbytet och kollegiala samtalet h\u00e5ller vi till i de ombyggda industrilokalerna som idag g\u00e5r under namnet N\u00f6jesfabriken.<\/strong><br>I \u00e5r firar Kommits 30 \u00e5r som f\u00f6rening d\u00e4r man under alla \u00e5r drivit och gett kraft \u00e5t kommunal digitalisering i samarbete och samverkan. <\/p>\n\n\n\n<p>Inbjudningar \u00e4r p\u00e5 v\u00e4g i e-postl\u00e5dor och sociala medier, <a href=\"https:\/\/eur03.safelinks.protection.outlook.com\/?url=https%3A%2F%2Fwww.trippus.net%2FKommITs-Digitalisering2026&amp;data=05%7C02%7Cjorgen.sandstrom%40vasteras.se%7C643807ffba5e4289f9f608de63156990%7Cd15964b5f4814da3a663ca9610222e43%7C0%7C0%7C639057140789269892%7CUnknown%7CTWFpbGZsb3d8eyJFbXB0eU1hcGkiOnRydWUsIlYiOiIwLjAuMDAwMCIsIlAiOiJXaW4zMiIsIkFOIjoiTWFpbCIsIldUIjoyfQ%3D%3D%7C0%7C%7C%7C&amp;sdata=jP9KsYuYVswGSVD2ntOsg5c3f5Tm6aj7M%2BjcKJErh2M%3D&amp;reserved=0\">boka in dagarna redan nu och anm\u00e4l dig h\u00e4r!<\/a><br>Programmet och annan information finns att <a href=\"http:\/\/www.trippus.net\/digitaliseringsdagarna2026\">l\u00e4sa h\u00e4r. <\/a><\/p>\n\n\n\n<p><strong>Som vanligt prisv\u00e4rt och tr\u00e4ffs\u00e4kert eftersom det g\u00f6rs av v\u00e5r ideella f\u00f6rening tillsammans er, v\u00e5ra medlemmar.<\/strong><\/p>\n\n\n\n<figure class=\"wp-block-image size-full\"><img loading=\"lazy\" decoding=\"async\" width=\"640\" height=\"480\" src=\"https:\/\/kommits.se\/wp-content\/uploads\/2026\/01\/karlstad.jpg\" alt=\"\" class=\"wp-image-884\" srcset=\"https:\/\/kommits.se\/wp-content\/uploads\/2026\/01\/karlstad.jpg 640w, https:\/\/kommits.se\/wp-content\/uploads\/2026\/01\/karlstad-300x225.jpg 300w\" sizes=\"auto, (max-width: 640px) 100vw, 640px\" \/><\/figure>\n\n\n\n<figure class=\"wp-block-image size-large\"><img decoding=\"async\" src=\"https:\/\/kommits.se\/wp-content\/uploads\/2023\/07\/avkollegorbanner-1024x77.png\" alt=\"av kollegor- f\u00f6r kollegor bild\"\/><\/figure>\n\n\n\n<p>KOMMITS \u00e4r f\u00f6reningen som st\u00f6der kommunernas digitalisering. H\u00e4r samlas kollegor f\u00f6r att byta erfarenheter, visa goda exempel och st\u00f6dja varandra i den n\u00f6dv\u00e4ndiga f\u00f6r\u00e4ndringsresan som kommunerna st\u00e5r inf\u00f6r och d\u00e4r modern teknik och digitala l\u00f6sningar och tj\u00e4nster \u00e4r svaret. F\u00f6reningen bildades 1996.<\/p>\n\n\n\n<p>P\u00e5 webbplatsen finns intressanta artiklar, inbjudan till och dokumentation fr\u00e5n konferenserna och annat sp\u00e4nnande som skapar nytta i din vardag och underl\u00e4ttar digitaliseringen i kommunerna.<\/p>\n\n\n\n<ul class=\"wp-block-social-links is-layout-flex wp-block-social-links-is-layout-flex\"><li class=\"wp-social-link wp-social-link-facebook  wp-block-social-link\"><a href=\"https:\/\/www.facebook.com\/profile.php?id=100064424634705\" class=\"wp-block-social-link-anchor\"><svg width=\"24\" height=\"24\" viewBox=\"0 0 24 24\" version=\"1.1\" xmlns=\"http:\/\/www.w3.org\/2000\/svg\" aria-hidden=\"true\" focusable=\"false\"><path d=\"M12 2C6.5 2 2 6.5 2 12c0 5 3.7 9.1 8.4 9.9v-7H7.9V12h2.5V9.8c0-2.5 1.5-3.9 3.8-3.9 1.1 0 2.2.2 2.2.2v2.5h-1.3c-1.2 0-1.6.8-1.6 1.6V12h2.8l-.4 2.9h-2.3v7C18.3 21.1 22 17 22 12c0-5.5-4.5-10-10-10z\"><\/path><\/svg><span class=\"wp-block-social-link-label screen-reader-text\">Facebook<\/span><\/a><\/li><\/ul>\n\n\n\n<p><\/p>\n","protected":false},"excerpt":{"rendered":"<p>Digitaliseringsdagarna 2026 genomf\u00f6rs i Karlstad 4-6 Maj. F\u00f6r att f\u00e5 r\u00e4tt fokus p\u00e5 erfarenhetsutbytet och kollegiala samtalet h\u00e5ller vi till i de ombyggda industrilokalerna som idag g\u00e5r under namnet N\u00f6jesfabriken.I \u00e5r firar Kommits 30 \u00e5r som f\u00f6rening d\u00e4r man under alla \u00e5r drivit och gett kraft \u00e5t kommunal digitalisering i samarbete och samverkan. Inbjudningar \u00e4r [&hellip;]<\/p>\n","protected":false},"author":1,"featured_media":0,"parent":0,"menu_order":0,"comment_status":"closed","ping_status":"closed","template":"","meta":{"footnotes":""},"class_list":["post-13","page","type-page","status-publish","hentry"],"_links":{"self":[{"href":"https:\/\/kommits.se\/index.php?rest_route=\/wp\/v2\/pages\/13","targetHints":{"allow":["GET"]}}],"collection":[{"href":"https:\/\/kommits.se\/index.php?rest_route=\/wp\/v2\/pages"}],"about":[{"href":"https:\/\/kommits.se\/index.php?rest_route=\/wp\/v2\/types\/page"}],"author":[{"embeddable":true,"href":"https:\/\/kommits.se\/index.php?rest_route=\/wp\/v2\/users\/1"}],"replies":[{"embeddable":true,"href":"https:\/\/kommits.se\/index.php?rest_route=%2Fwp%2Fv2%2Fcomments&post=13"}],"version-history":[{"count":57,"href":"https:\/\/kommits.se\/index.php?rest_route=\/wp\/v2\/pages\/13\/revisions"}],"predecessor-version":[{"id":927,"href":"https:\/\/kommits.se\/index.php?rest_route=\/wp\/v2\/pages\/13\/revisions\/927"}],"wp:attachment":[{"href":"https:\/\/kommits.se\/index.php?rest_route=%2Fwp%2Fv2%2Fmedia&parent=13"}],"curies":[{"name":"wp","href":"https:\/\/api.w.org\/{rel}","templated":true}]}}