{"id":112,"date":"2023-01-30T09:34:51","date_gmt":"2023-01-30T09:34:51","guid":{"rendered":"http:\/\/localhost\/?page_id=112"},"modified":"2025-07-17T12:05:40","modified_gmt":"2025-07-17T12:05:40","slug":"styrelsen","status":"publish","type":"page","link":"https:\/\/kommits.se\/?page_id=112","title":{"rendered":"Styrelsen"},"content":{"rendered":"\n<p class=\"has-large-font-size\">Kommits styrelse utses vid \u00e5rsm\u00f6tet av de kommuner som \u00e4r medlemmar.<\/p>\n\n\n\n<p><\/p>\n\n\n\n<h1 class=\"wp-block-heading\" id=\"h-KommITSstyrelse20222023\">KommITS styrelse <\/h1>\n\n\n\n<p><strong>Ordf\u00f6rande:<br>Johan Pettersson<\/strong><br>\u00c5re kommun<br>837 22 J\u00e4rpen<br>Mobiltel.: 070 &#8211; 388 41 19<br>E-mail:<a href=\"mailto:johan.pettersson@are.se\">johan.pettersson@are.se<\/a><\/p>\n\n\n\n<p><strong>Vice ordf\u00f6rande:<\/strong><br><strong>Torbj\u00f6rn Larsson<\/strong><br>Falkenbergs kommun<br>IT-avdelningen<br>311 80 Falkenberg<br>Telefon arb: 0346 &#8211; 88 62 58<br>Mobiltel: 070 &#8211; 698 62 58<br>E-mail:<a href=\"mailto:torbjorn.larsson@falkenberg.se\">torbjorn.larsson@falkenberg.se<\/a><\/p>\n\n\n\n<p><strong>Sekreterare:<br>Anette Knutsson<\/strong><br>Str\u00f6mstads kommun<br>Administrativa kontoret<br>452 80 Str\u00f6mstad<br>Telefon: 0526 &#8211; 191 35<br>Mobiltel: 070 &#8211; 541 91 65<br>E-mail: <a href=\"mailto:anette.knutsson@stromstad.se\">anette.knutsson@stromstad.se<\/a><\/p>\n\n\n\n<p><strong>Kass\u00f6r:<br>Linda Herkommer<\/strong><br>Tyres\u00f6 kommun<br>135 81 Tyres\u00f6<br>Telefon: 08-578&nbsp;283 83<br>Mobiltel: 0724- 69 53 83<br>E-mail: <a href=\"mailto:linda.herkommer@tyreso.se\">linda.herkommer@tyreso.se<\/a><br><\/p>\n\n\n\n<p><strong>Ledam\u00f6ter:<\/strong><\/p>\n\n\n\n<p><strong>Lotta Nordstr\u00f6m<\/strong><br>Sveriges kommuner och regioner<br>Hornsgatan 20<br>118 82 Stockholm<br>Telefon arb: 08 &#8211; 452 73 97<br>E-mail: <a href=\"mailto:lotta.nordstrom@skl.se\">lotta.nordstrom@skr.se<\/a><\/p>\n\n\n\n<p><strong>J\u00f6rgen Sandstr\u00f6m<\/strong><br>V\u00e4ster\u00e5s stad<br>Stadshuset<br>721 87 V\u00e4ster\u00e5s<br>Telefon arb: 072 &#8211; 142 46 71<br>E-mail: <a href=\"mailto:jorgen.sandstrom@vasteras.se\">jorgen.sandstrom@vasteras.se<\/a><\/p>\n\n\n\n<p><strong>Marie Frykl\u00f6f<\/strong><br>\u00d6stersunds kommun<br>831 25 \u00d6stersund<br>Telefon arb: 063 &#8211; 14 49 10<br>E-mail: <a href=\"mailto:marie.fryklof@ostersund.se\">marie.fryklof@ostersund.se<\/a><\/p>\n\n\n\n<p><strong>Denise Andersson<\/strong><br>S\u00f6derhamns kommun<br>826 80 S\u00f6derhamn<br>E-mail: <a href=\"mailto:denise.andersson@soderhamn.se\">denise.andersson@soderhamn.se<\/a><\/p>\n\n\n\n<p><\/p>\n\n\n\n<p><\/p>\n\n\n\n<p><\/p>\n","protected":false},"excerpt":{"rendered":"<p>Kommits styrelse utses vid \u00e5rsm\u00f6tet av de kommuner som \u00e4r medlemmar. KommITS styrelse Ordf\u00f6rande:Johan Pettersson\u00c5re kommun837 22 J\u00e4rpenMobiltel.: 070 &#8211; 388 41 19E-mail:johan.pettersson@are.se Vice ordf\u00f6rande:Torbj\u00f6rn LarssonFalkenbergs kommunIT-avdelningen311 80 FalkenbergTelefon arb: 0346 &#8211; 88 62 58Mobiltel: 070 &#8211; 698 62 58E-mail:torbjorn.larsson@falkenberg.se Sekreterare:Anette KnutssonStr\u00f6mstads kommunAdministrativa kontoret452 80 Str\u00f6mstadTelefon: 0526 &#8211; 191 35Mobiltel: 070 &#8211; 541 91 65E-mail: [&hellip;]<\/p>\n","protected":false},"author":1,"featured_media":0,"parent":0,"menu_order":0,"comment_status":"closed","ping_status":"closed","template":"","meta":{"footnotes":""},"class_list":["post-112","page","type-page","status-publish","hentry"],"_links":{"self":[{"href":"https:\/\/kommits.se\/index.php?rest_route=\/wp\/v2\/pages\/112","targetHints":{"allow":["GET"]}}],"collection":[{"href":"https:\/\/kommits.se\/index.php?rest_route=\/wp\/v2\/pages"}],"about":[{"href":"https:\/\/kommits.se\/index.php?rest_route=\/wp\/v2\/types\/page"}],"author":[{"embeddable":true,"href":"https:\/\/kommits.se\/index.php?rest_route=\/wp\/v2\/users\/1"}],"replies":[{"embeddable":true,"href":"https:\/\/kommits.se\/index.php?rest_route=%2Fwp%2Fv2%2Fcomments&post=112"}],"version-history":[{"count":8,"href":"https:\/\/kommits.se\/index.php?rest_route=\/wp\/v2\/pages\/112\/revisions"}],"predecessor-version":[{"id":869,"href":"https:\/\/kommits.se\/index.php?rest_route=\/wp\/v2\/pages\/112\/revisions\/869"}],"wp:attachment":[{"href":"https:\/\/kommits.se\/index.php?rest_route=%2Fwp%2Fv2%2Fmedia&parent=112"}],"curies":[{"name":"wp","href":"https:\/\/api.w.org\/{rel}","templated":true}]}}