{"id":108,"date":"2023-01-30T09:30:16","date_gmt":"2023-01-30T09:30:16","guid":{"rendered":"http:\/\/localhost\/?page_id=108"},"modified":"2024-08-30T09:44:28","modified_gmt":"2024-08-30T09:44:28","slug":"om-foreningen","status":"publish","type":"page","link":"https:\/\/kommits.se\/?page_id=108","title":{"rendered":"Om f\u00f6reningen och kontaktuppgifter"},"content":{"rendered":"\n<p>KommITs \u00e4r en anv\u00e4ndarf\u00f6rening med syfte att tillvarata kommuners intresse i Digitaliserings-fr\u00e5gor.<\/p>\n\n\n\n<p>Den ska vara ett forum f\u00f6r erfarenhetsutbyte f\u00f6r alla som jobbar med Digitalisering i kommunerna.<\/p>\n\n\n\n<p><a href=\"https:\/\/kommits.adue.se\/?page_id=112\">Kommits styrelse<\/a><\/p>\n\n\n\n<p>F\u00f6reningen bildades formellt den 13 juni 1996 i G\u00f6teborg, och best\u00e5r av en styrelse som v\u00e4ljs vid f\u00f6reningens \u00e5rsm\u00f6te. KommITS best\u00e5r idag av representanter f\u00f6r ca 170 kommuner. Dessa finns fr\u00e5n Ystad i s\u00f6der till Lule\u00e5 i norr och Str\u00f6mstad i v\u00e4st. V\u00e5r minsta kommun \u00e4r Lekeberg och den st\u00f6rsta \u00e4r Ume\u00e5.<\/p>\n\n\n\n<p>F\u00f6rutom att anordna konferenser &#8211; arbetar vi bland annat med att skapa bra samarbetsformer med ett antal leverant\u00f6rer. Vi har ocks\u00e5 ett n\u00e4ra samarbete med Sveriges Kommuner och Landsting och med v\u00e5ra systerf\u00f6reningar i USA, Storbritannien, Canada, Danmark, Belgien, Holland och Nya Zeeland. Men den kanske viktigaste funktionen \u00e4r att vara ett forum f\u00f6r erfarenhetsutbyte, d\u00e4r det finns goda m\u00f6jligheter att knyta kontakter som \u00e4r till stor nytta i det dagliga arbetet.<\/p>\n\n\n\n<p>F\u00f6reningen \u00e4r \u00f6ppen f\u00f6r alla kommuner eller kommunalf\u00f6rbund och \u00e4r leverant\u00f6rsoberoende.<\/p>\n\n\n\n<p>Fr\u00e5gor som r\u00f6r information till medlemmar, ekonomi, konferenser och kontakter med andra organisationer hanteras av KommITS styrelse.<\/p>\n\n\n\n<p class=\"has-medium-font-size\"><\/p>\n","protected":false},"excerpt":{"rendered":"<p>KommITs \u00e4r en anv\u00e4ndarf\u00f6rening med syfte att tillvarata kommuners intresse i Digitaliserings-fr\u00e5gor. Den ska vara ett forum f\u00f6r erfarenhetsutbyte f\u00f6r alla som jobbar med Digitalisering i kommunerna. Kommits styrelse F\u00f6reningen bildades formellt den 13 juni 1996 i G\u00f6teborg, och best\u00e5r av en styrelse som v\u00e4ljs vid f\u00f6reningens \u00e5rsm\u00f6te. KommITS best\u00e5r idag av representanter f\u00f6r ca [&hellip;]<\/p>\n","protected":false},"author":1,"featured_media":0,"parent":0,"menu_order":0,"comment_status":"closed","ping_status":"closed","template":"","meta":{"footnotes":""},"class_list":["post-108","page","type-page","status-publish","hentry"],"_links":{"self":[{"href":"https:\/\/kommits.se\/index.php?rest_route=\/wp\/v2\/pages\/108","targetHints":{"allow":["GET"]}}],"collection":[{"href":"https:\/\/kommits.se\/index.php?rest_route=\/wp\/v2\/pages"}],"about":[{"href":"https:\/\/kommits.se\/index.php?rest_route=\/wp\/v2\/types\/page"}],"author":[{"embeddable":true,"href":"https:\/\/kommits.se\/index.php?rest_route=\/wp\/v2\/users\/1"}],"replies":[{"embeddable":true,"href":"https:\/\/kommits.se\/index.php?rest_route=%2Fwp%2Fv2%2Fcomments&post=108"}],"version-history":[{"count":5,"href":"https:\/\/kommits.se\/index.php?rest_route=\/wp\/v2\/pages\/108\/revisions"}],"predecessor-version":[{"id":700,"href":"https:\/\/kommits.se\/index.php?rest_route=\/wp\/v2\/pages\/108\/revisions\/700"}],"wp:attachment":[{"href":"https:\/\/kommits.se\/index.php?rest_route=%2Fwp%2Fv2%2Fmedia&parent=108"}],"curies":[{"name":"wp","href":"https:\/\/api.w.org\/{rel}","templated":true}]}}